{"id":18,"date":"2022-02-01T16:29:41","date_gmt":"2022-02-01T15:29:41","guid":{"rendered":"http:\/\/tribu-macroqa.francismizio.net\/?page_id=18"},"modified":"2024-12-17T09:00:46","modified_gmt":"2024-12-17T08:00:46","slug":"bibliographie","status":"publish","type":"page","link":"https:\/\/tribu-macroqa.francis-mizio.net\/tribu-macroqa\/bibliographie\/","title":{"rendered":"Bibliographie"},"content":{"rendered":"<p style=\"text-align: justify;\"><strong><i>Vous allez me dire : t\u2019as consult\u00e9 tout cela&#8230; pour \u00e7a ? Ben oui : il suffit d\u2019une phrase une seule, dans un documentaire d\u2019une heure, de quelques pages dans un livre\u2026 pour faire parfois jaillir une seule id\u00e9e.<span class=\"Apple-converted-space\">\u00a0<\/span><\/i><\/strong><\/p>\n<hr \/>\n<p><b><span style=\"color: #339966;\">B.<\/span><br \/>\n<\/b><b>BIOCCA, Ettore<br \/>\n<\/b>\u00ab\u00a0Yanoama \u00bb Terre Humaine, Plon. 1966.<\/p>\n<p><b>BORE, Philippe<br \/>\n<\/b>\u00ab\u00a0Randonn\u00e9es en Guyane \u00bb Auto\u00e9dition. 2007.<\/p>\n<hr \/>\n<p><b><span style=\"color: #339966;\">C.<\/span><br \/>\n<\/b><b>CARPENTIER Francis<br \/>\n<\/b>\u00ab\u00a0Troubles Tropiques\u00a0\u00bb, nouvelles, Francis Carpentier, 2019.<\/p>\n<p><b>CLASTRES Pierre<br \/>\n<\/b>\u00ab\u00a0Chronique des indiens Guayaki\u00a0&#8211; Les Indiens du Paraguay &#8211; Ce que savent les Ach\u00e9, chasseurs nomades du Paraguay \u00bb. Terre humaine poche. Pocket. Plon. 2000.<\/p>\n<p><b><\/b><b>CL\u00c9MENT Yves-Marie<\/b><b><br \/>\n\u00ab\u00a0<\/b>12 contes de Guyane\u00a0\u00bb. Flammarion Jeunesse. Mars 2011.<\/p>\n<hr \/>\n<p><span style=\"color: #339966;\"><b>D. <\/b><\/span><br \/>\n<b>DAGORY<\/b><br \/>\n\u00ab\u00a0Transe Amazonienne\u00a0\u00bb. Les Polars du Routard. 1999<\/p>\n<p><b>DARBOIS D, MAZIERE F.<\/b><br \/>\n\u00ab\u00a0Parana, le petit indien\u00a0\u00bb. Fernand Nathan. 1953<\/p>\n<p><b>DEL PAPPAS Gilles<\/b><br \/>\n\u00ab\u00a0Indien blanc\u00a0\u00bb, roman, \u00c9d. In8, 2007.<\/p>\n<hr \/>\n<p><span style=\"color: #339966;\"><b>E.<\/b><\/span><b><br \/>\n<\/b><b>EVERETT Daniel<\/b><br \/>\n\u00ab\u00a0Le monde ignor\u00e9 des indiens Pirah\u00e3s\u00a0\u00bb. Flammarion. 2010.<\/p>\n<hr \/>\n<p><b><span style=\"color: #339966;\">F.<\/span><br \/>\n<\/b><b>FURST Peter T.<br \/>\n<\/b>\u00ab\u00a0Le peyotl chez les indiens Huicholes du Mexique\u00a0\u00bb. L\u2019esprit frappeur. 2000.<b><\/b><\/p>\n<p><b>FLEUR DE LAMPAUL<\/b><b><br \/>\n<\/b>Wayanas, les Indiens du Fleuve.. Ed. Gallimard Jeunesse. 1994<\/p>\n<p><b>FONTAINE LAURENT<br \/>\n<\/b>\u00ab\u00a0Paroles d\u2019\u00e9change et r\u00e8gles sociales chez les Indiens yucuna d\u2019Amazonie colom-bienne\u00a0\u00bb. Anthropologie sociale et ethnologie. Universit\u00e9 de la Sorbonne nouvelle &#8211; Paris III, 2001.Fran\u00e7ais. (Th\u00e8se d\u2019anthropologie du 20 octobre 2001).<br \/>\n<a href=\"https:\/\/tel.archives-ouvertes.fr\/tel-00596637\/document\" target=\"_blank\" rel=\"noopener\">https:\/\/tel.archives-ouvertes.fr\/tel-00596637\/document<\/a><\/p>\n<hr \/>\n<p><b><span style=\"color: #339966;\">G.<\/span><br \/>\n<\/b><b>GAROUSTE Fr\u00e9d\u00e9ric<br \/>\n<\/b>\u00ab\u00a0La Guyane\u00a0\u00bb, Les guides Peuples du monde 2001.<\/p>\n<p><b>GOUGAUD Henri<br \/>\n<\/b>\u00ab\u00a0Le livre des amours\u00a0\u00bb, Seuil 1996.<\/p>\n<p><b>GRANN David<br \/>\n<\/b>\u00ab\u00a0La cit\u00e9 perdue de Z\u00a0\u00bb, Robert Laffont. 2010.<\/p>\n<hr \/>\n<p><b><span style=\"color: #339966;\">H.<\/span><br \/>\n<\/b><b>HAURIGOT Georges<\/b><br \/>\n\u00ab Litt\u00e9rature orale de Guyane fran\u00e7aise\u00a0\u00bb, E. Lechevalier &#8211; Librairie Larousse Paris 1893. [NB : ouvrage aux commentaires et notes de bas de page particuli\u00e8rement racistes, \u00e0 recontextualiser.]<\/p>\n<hr \/>\n<p><b><span style=\"color: #339966;\">K.<\/span><br \/>\n<\/b><b>KOPENAWA Davi, ALBERT Bruce<\/b><br \/>\n\u00ab La chute du ciel &#8211; Paroles d\u2019un chaman Yanomami\u00a0\u00bb. Terre humaine poche. Pocket. Plon. 2010<\/p>\n<hr \/>\n<p><span style=\"color: #339966;\"><b>L.<\/b><\/span><br \/>\n<b>LA BARRE Weston<br \/>\n<\/b>\u00ab\u00a0Les plantes psych\u00e9d\u00e9liques et les origines chamaniques de la religion\u00a0\u00bb.L\u2019esprit frappeur. 2000<\/p>\n<p><b>LANDRAGIN Fr\u00e9d\u00e9ric<br \/>\n<\/b>\u00ab\u00a0Comment parler \u00e0 un Alien ? Langage et linguistique dans la science-fiction\u00a0\u00bb. \u00c9d. du B\u00e9lial. 2018<\/p>\n<hr \/>\n<p><b><span style=\"color: #339966;\">M.<\/span><br \/>\n<\/b><b>MATHIEU Alexandra, Yves G\u00c9RY, Christopher GRUNER<br \/>\n<\/b>\u00ab\u00a0Les abandonn\u00e9s de la R\u00e9publique\u00a0\u00bb. Albin Michel. 2014<\/p>\n<p><b>MAUFRAIS Raymond<br \/>\n<\/b>\u00ab\u00a0Aventures en Guyane\u00a0&#8211; Journal d\u2019un explorateur disparu \u00bb. Pr\u00e9face de Pierre Franceschi. Points Aventure. Julliard 2014.<\/p>\n<p><b>MERLEAU-PONTY C., MONOD-BECQUELIN A.<br \/>\n<\/b>\u00ab\u00a0Histoire des Trumai, un peuple d\u2019Amazonie\u00a0\u00bb. Illustrations de H\u00e9l\u00e8ne GEORGES. Actes Sud Junior. 2005<\/p>\n<p><b>MICHKA<\/b><br \/>\n\u00ab\u00a0Pourquoi et comment cultiver du chanvre\u00a0\u00bb 2001.<\/p>\n<p><b>MIZIO Francis<\/b><br \/>\n\u00ab\u00a0La sant\u00e9 par les plantes\u00a0\u00bb, roman, Gallimard S.N. (2e \u00e9d.), 1999.<br \/>\n\u00ab\u00a0La cosmogonie Macroqa\u00a0\u00bb novella, \u00c9d. Treize \u00c9trange, 1998.<br \/>\n\u00ab\u00a0Twist Tropiques\u00a0\u00bb, roman, Seuil Point Virgule (2e \u00e9d.), 2003.<\/p>\n<p><b>MOUREN-LASCAUX Patrice<\/b><br \/>\n\u00ab\u00a0La Guyane\u00a0\u00bb. \u00c9d. Karthala. 1990.<\/p>\n<p><b>Mus\u00e9e d\u2019ethnographie de Gen\u00e8ve<\/b><br \/>\n\u00ab\u00a0Amazonie. Le chamane et la pens\u00e9e de la for\u00eat \u00bb. Somogy \u00e9ditions d\u2019art 1996.<\/p>\n<hr \/>\n<p><span style=\"color: #339966;\"><b>N.<\/b><\/span><br \/>\n<b>NATIVES (revue)<\/b><br \/>\nNum\u00e9ros 1 &#8211; 2 &#8211; 3. www.revue-natives.com\/<\/p>\n<p><b>NIEL Colin<\/b><br \/>\n\u00ab\u00a0Les hamacs de carton\u00a0\u00bb, roman, Le Rouergue, 2012.<br \/>\n\u00ab\u00a0Ce qui reste en for\u00eat\u00a0\u00bb, roman, Le Rouergue, 2013.<br \/>\n\u00ab\u00a0Obia\u00a0\u00bb, roman, Le Rouergue, 2015.<\/p>\n<p><b>NORMAN HOWARD A.<\/b><br \/>\n\u00ab\u00a0L\u2019os \u00e0 v\u0153ux\u00a0\u00bb, R\u00e9cits et paroles des Indiens Cree, Coll. \u00ab\u00a0La m\u00e9moire des sources\u00a0\u00bb Le Seuil, 1997.<\/p>\n<hr \/>\n<p><span style=\"color: #339966;\"><b>O.<\/b><\/span><br \/>\n<b>ONFRAY Michel<\/b><br \/>\n\u00ab\u00a0Nager avec les piranhas &#8211; Carnet guyanais\u00a0\u00bb. Gallimard, 2017<\/p>\n<hr \/>\n<p><span style=\"color: #339966;\"><b>R.<\/b><\/span><br \/>\n<b>REICHEL-DOLMATOFF Gerardo<\/b><br \/>\n\u00ab\u00a0Le contexte culturel du yag\u00e9\u00a0\u00bb. L\u2019esprit frappeur. 2000.<\/p>\n<p><b>RUFF Bernard<\/b><br \/>\n\u00ab\u00a0La Guyane aujourd\u2019hui\u00a0\u00bb. Les \u00e9ditions J.A. 1989.<\/p>\n<hr \/>\n<p><span style=\"color: #339966;\"><b>S.<\/b><\/span><b><br \/>\nS\u00e9lection du Reader\u2019s Digest (collectif)<br \/>\n<\/b>\u00ab\u00a0\u00c0 la d\u00e9couverte de l\u2019Amazone\u00a0\u00bb, Reader\u2019s digest, 1995.<\/p>\n<p><b>SHARON Douglas<\/b><br \/>\n\u00ab\u00a0Le cactus San Pedro dans la m\u00e9decine populaire p\u00e9ruvienne\u00a0\u00bb. L\u2019esprit frappeur. 2000.<\/p>\n<p><b>SCHULTES Richard Evans<\/b><br \/>\n\u00ab\u00a0Un panorama des hallucinog\u00e8nes du nouveau monde\u00a0\u00bb. L\u2019esprit frappeur. 2000.<\/p>\n<p><b>STERLING Tom<br \/>\n<\/b>\u00ab\u00a0L\u2019Amazonie \u00bb. Time Life. 1985.<\/p>\n<hr \/>\n<p><span style=\"color: #339966;\"><b>V.<\/b><\/span><br \/>\n<b>VITEBSKY Piers<\/b><br \/>\n\u00ab\u00a0Les chamans. Le grand voyage de l\u2019\u00e2me, forces magiques, extase et gu\u00e9rison\u00a0\u00bb, essai, Evergreen, 2007.<b><\/b><\/p>\n<hr \/>\n<p><span style=\"color: #339966;\"><b>W.<\/b><\/span><br \/>\n<b>WEISBECKER Allan<\/b><br \/>\n\u00ab\u00a0Cosmix banditos\u00a0\u00bb, S\u00e9rie noire. Gallimard. 1992<\/p>\n<p><b>WILBERT Johannes oulas<\/b><br \/>\n\u00ab\u00a0Le tabac et l\u2019extase chamanique chez les indiens Warao du V\u00e9n\u00e9zuela\u00a0\u00bb. L\u2019esprit frappeur. 2000.<\/p>\n","protected":false},"excerpt":{"rendered":"<p>Vous allez me dire : t\u2019as consult\u00e9 tout cela&#8230; pour \u00e7a ? Ben oui : il suffit d\u2019une phrase une seule, dans un documentaire d\u2019une heure, de quelques pages dans un livre\u2026 pour faire parfois jaillir une seule id\u00e9e.\u00a0 B. BIOCCA, Ettore \u00ab\u00a0Yanoama \u00bb Terre Humaine, Plon. 1966. BORE, Philippe \u00ab\u00a0Randonn\u00e9es en Guyane \u00bb Auto\u00e9dition.&hellip; <br \/> <a class=\"read-more\" href=\"https:\/\/tribu-macroqa.francis-mizio.net\/tribu-macroqa\/bibliographie\/\">Lire la suite<\/a><\/p>\n","protected":false},"author":1,"featured_media":0,"parent":0,"menu_order":0,"comment_status":"closed","ping_status":"closed","template":"","meta":{"footnotes":""},"class_list":["post-18","page","type-page","status-publish","hentry"],"_links":{"self":[{"href":"https:\/\/tribu-macroqa.francis-mizio.net\/tribu-macroqa\/wp-json\/wp\/v2\/pages\/18","targetHints":{"allow":["GET"]}}],"collection":[{"href":"https:\/\/tribu-macroqa.francis-mizio.net\/tribu-macroqa\/wp-json\/wp\/v2\/pages"}],"about":[{"href":"https:\/\/tribu-macroqa.francis-mizio.net\/tribu-macroqa\/wp-json\/wp\/v2\/types\/page"}],"author":[{"embeddable":true,"href":"https:\/\/tribu-macroqa.francis-mizio.net\/tribu-macroqa\/wp-json\/wp\/v2\/users\/1"}],"replies":[{"embeddable":true,"href":"https:\/\/tribu-macroqa.francis-mizio.net\/tribu-macroqa\/wp-json\/wp\/v2\/comments?post=18"}],"version-history":[{"count":1,"href":"https:\/\/tribu-macroqa.francis-mizio.net\/tribu-macroqa\/wp-json\/wp\/v2\/pages\/18\/revisions"}],"predecessor-version":[{"id":795,"href":"https:\/\/tribu-macroqa.francis-mizio.net\/tribu-macroqa\/wp-json\/wp\/v2\/pages\/18\/revisions\/795"}],"wp:attachment":[{"href":"https:\/\/tribu-macroqa.francis-mizio.net\/tribu-macroqa\/wp-json\/wp\/v2\/media?parent=18"}],"curies":[{"name":"wp","href":"https:\/\/api.w.org\/{rel}","templated":true}]}}