{"id":59,"date":"2022-02-01T17:26:32","date_gmt":"2022-02-01T16:26:32","guid":{"rendered":"http:\/\/tribu-macroqa.francismizio.net\/?page_id=59"},"modified":"2024-12-17T09:06:26","modified_gmt":"2024-12-17T08:06:26","slug":"livre-de-pepites-dor","status":"publish","type":"page","link":"https:\/\/tribu-macroqa.francis-mizio.net\/tribu-macroqa\/livre-de-pepites-dor\/","title":{"rendered":"Livre (de p\u00e9pites) d&rsquo;or"},"content":{"rendered":"<p style=\"text-align: center;\"><strong><em>Vos r\u00e9actions \u00e0 la lecture du roman. M\u00eame les mauvaises (je garde tout : faut que je progresse dans le cas o\u00f9 un jour j&rsquo;en \u00e9crirai un nouveau). (Pour les courriels \u00e0 propos des coquilles et autres fautes rep\u00e9r\u00e9es par les lectrices et lecteurs voir dans l&rsquo;onglet <a href=\"http:\/\/tribu-macroqa.francismizio.net\/articles\/\" target=\"_blank\" rel=\"noopener\">NEWS<\/a>.)<\/em><\/strong><\/p>\n<p style=\"text-align: justify;\"><span style=\"color: #008000;\"><strong>Une longue chronique de Jocelyne Hubert (critique notamment dans le feu magazine \u00ab\u00a0L&rsquo;Indic\u00a0\u00bb, <a href=\"https:\/\/www.babelio.com\/auteur\/Jocelyne-Hubert\/10942\" target=\"_blank\" rel=\"noopener\">&gt; autrice de nombreux essais<\/a>), le 20\/07\/2023<\/strong><\/span><br \/>\nLa chronique est longue, se calant sur le texte de l&rsquo;avertissement que j&rsquo;ai r\u00e9dig\u00e9 en d\u00e9but d&rsquo;ouvrage, et se joue de mon propre principe appliqu\u00e9 dans le roman de la note de bas de page. C&rsquo;est une chronique pour le moins enthousiaste (mon \u00ab\u00a0conte philosophique\u00a0\u00bb est rapproch\u00e9 pas moins de ceux de Voltaire), qui me couvre de compliments, et du coup m&rsquo;est roborative ! Elle est en PDF \u00e0 t\u00e9l\u00e9charger ou simplement lire ici :<br \/>\n<a href=\"https:\/\/tribu-macroqa.francis-mizio.net\/tribu-macroqa\/wp-content\/uploads\/2024\/12\/ChroniqueJocelyne.pdf\" target=\"_blank\" rel=\"noopener\">ChroniqueJocelyne<\/a><\/p>\n<hr \/>\n<p><strong><span style=\"color: #008000;\">Un article de l&rsquo;\u00e9crivain Fran\u00e7ois Muratet, sur sa page Facebook, le 06\/07\/2023<\/span><\/strong><\/p>\n<p style=\"text-align: justify;\"><em>J&rsquo;ai lu et bien aim\u00e9 son dernier roman \u00ab\u00a0Au Lourd d\u00e9lire des lianes\u00a0\u00bb, paru aux \u00c9ditions Le Niveau Baisse en avril 2022. En voici la chronique :<\/em><br \/>\n<em>Dans la jungle amazonienne, sur le territoire de la R\u00e9publique fran\u00e7aise, en Guyane donc, vivent deux tribus tr\u00e8s proches qui ne s\u2019aiment pas et qui sont en constante rivalit\u00e9 : les Macroqa et les VaniVani, chacune de part et d\u2019autre du fleuve Approuague. Leur fa\u00e7on d\u2019aborder l\u2019avenir les oppose : les VaniVani veulent la modernit\u00e9, le tourisme et l\u2019argent qui va avec, les Macroqa tentent la d\u00e9croissance, l\u2019authenticit\u00e9, le retour aux sources, alors qu\u2019ils vivent d\u00e9j\u00e0 de pas grand chose, si ce n\u2019est de subventions pour des rond-point imaginaires.<\/em><br \/>\n<em>Dans ce roman fleuve, ce roman monde, Francis Mizio d\u00e9crit un univers de fa\u00e7on \u00e0 la fois pr\u00e9cise et loufoque, document\u00e9e et moqueuse, on sourit \u00e0 chaque page, on rit au moins \u00e0 chaque double page (moi, en tout cas), et on est convaincu qu\u2019il y est vraiment all\u00e9, en Amazonie. C\u2019est un vrai bonheur de lecture pour peu qu\u2019on aime les digressions, les notes abondantes en bas de page, les explications cocasses, les mise-au-point scientifiques (il y en a plein), le d\u00e9paysement exotique, et on se fiche que l\u2019histoire n\u2019avance pas tr\u00e8s vite car on n\u2019est pas press\u00e9.<\/em><br \/>\n<em>Cette fable se termine de fa\u00e7on tr\u00e8s \u00e9tonnante, avec l\u2019aide des divinit\u00e9s autochtones, souvent invoqu\u00e9es mais rarement vues, et on referme le livre en soupirant, tristes de quitter des amis tr\u00e8s dr\u00f4les, conscients que Francis Mizio parle de notre soci\u00e9t\u00e9, de nos modes versatiles et de nos principes illusoires, \u00e0 l\u2019heure o\u00f9 la plan\u00e8te s\u2019\u00e9chauffe et o\u00f9 les peuples premiers, m\u00eame s\u2019ils sont imaginaires, pourraient bien nous apprendre (par l\u2019exemple) \u00e0 profiter de la vie.<\/em><br \/>\n<em>Un roman \u00e0 lire, bien s\u00fbr, un roman qui fait s\u00e9rieusement rire.<\/em><\/p>\n<hr \/>\n<p style=\"text-align: justify;\"><strong><span style=\"color: #008000;\">Une longue, superbe et bien revigorante critique intelligente et cultiv\u00e9e de Jo\u00eal J\u00e9gouzo sur son blog \u00ab\u00a0La dimension du sens que nous sommes\u00a0\u00bb, le 14\/11\/2022<br \/>\n<\/span><\/strong><\/p>\n<p style=\"text-align: justify;\"><em>\u00ab\u00a0H\u00e9naurme<a href=\"http:\/\/www.joel-jegouzo.com\/#sdfootnote1sym\" name=\"sdfootnote1anc\"><\/a> ! Un immense exercice de libert\u00e9 dont on peut souhaiter qu&rsquo;il rencontre en miroir le m\u00eame affranchissement de ses lecteurs, de tous les codes qui enferment d&rsquo;ordinaire leur lecture dans les tribulations malingres des genres trop lustr\u00e9s pour \u00eatre honn\u00eates. C&rsquo;est que Mizio a fait feu de tout bois.\u00a0\u00bb<\/em><br \/>\n&gt; <a href=\"http:\/\/www.joel-jegouzo.com\/2022\/11\/au-lourd-delire-des-lianes-francis-mizio.html\" target=\"_blank\" rel=\"noopener\">La suite est ici<\/a><\/p>\n<hr \/>\n<p style=\"text-align: justify;\"><strong><span style=\"color: #008000;\">Jean P, par mail, le 4\/10\/22<\/span><\/strong><\/p>\n<p><em>\u00ab\u00a0<\/em><em>Je suis en train de finir ton \u00ab Au lourd d\u00e9lire des lianes \u00bb, qui a accompagn\u00e9 mon \u00e9t\u00e9 (&#8230;). J\u2019aime bien cette construction arborescente, et cette prose qui donne une impression de foisonnement (&#8230;). Et j\u2019ai bien aim\u00e9 les touches d\u2019humour et de satire qui ponctuent le livre, humour et satire tr\u00e8s cibl\u00e9s sur les probl\u00e8mes contemporains, en m\u00eame temps que plaqu\u00e9s sur un fond tr\u00e8s r\u00e9aliste.<\/em><br \/>\n<em>Je ne peux qu\u2019admirer ta cr\u00e9ation d\u2019un tel monument romanesque (&#8230;) qui m\u2019a un peu surpris car tr\u00e8s diff\u00e9rent des livres que j\u2019ai pu lire de toi (comme entre autres Pizza sur la touffe ou tes deux novellas publi\u00e9es aux \u00e9ditions Atelier In8). On reconnait toutefois bien ton style, fluide et plein de verve.\u00a0\u00bb<\/em><\/p>\n<hr \/>\n<p style=\"text-align: justify;\"><span style=\"color: #008000;\"><strong>Philippe L, via Linkedin, le 16\/08\/22<\/strong><\/span><br \/>\n<em>\u00ab\u00a0J&rsquo;ai lu, et j&rsquo;ai appr\u00e9ci\u00e9. Beaucoup ri bien s\u00fbr, mais pas que. Ton bouquin est \u00e9norme, dans tous les sens du terme. (&#8230;) J&rsquo;ai \u00e9t\u00e9 estomaqu\u00e9 par la somme et par les subtilit\u00e9s de ton livre\/\u00e9criture. Je n&rsquo;ai pas envie de dire \u00ab\u00a0roman\u00a0\u00bb, parce que c&rsquo;est un peu plus que \u00e7a. Comme une odyss\u00e9e qui raconte les d\u00e9rives mortif\u00e8res, d\u00e9risoires et risibles (et heureusement risibles, puisqu&rsquo;il ne nous reste que le rire) de notre civilisation. Un Houellebecq de gauche et \u00e9colo, d&rsquo;un certain c\u00f4t\u00e9. Mais pour une d\u00e9rision bien plus saine, heureusement.<\/em><br \/>\n<em>Cela ne te dira peut-\u00eatre rien, mais ce voyage foutraque \/ amazoniaque d\u00e9concertant, avec sa BO en plus !, m&rsquo;a amen\u00e9 \u00e0 penser que ton texte m\u00e9riterait de trouver un cin\u00e9aste qui saurait l&rsquo;exploiter (comme les fr\u00e8res Coen qui en feraient un Big Lebowski ou o&rsquo;Brother&#8230;)<\/em><br \/>\n<em>Bref, m\u00eame s&rsquo;il est un peu long \u00e0 se mettre en bouche (seule critique, sorry!), ton Lourd d\u00e9lire et ses images fortes en impressions, ce texte \u00e0 l&rsquo;ampleur quasi hom\u00e9rique ou \u00ab\u00a0perecquienne\u00a0\u00bb, (sans oublier les purs effets de style) m&rsquo;a vraiment scotch\u00e9, d\u00e9sar\u00e7onn\u00e9, r\u00e9joui et charm\u00e9.<\/em><br \/>\n<em>Je t&rsquo;en remercie (&#8230;)\u00a0 Je t&rsquo;en f\u00e9licite aussi parce qu&rsquo;il m&rsquo;a fait passer un de mes meilleurs moments avec un livre ces derni\u00e8res ann\u00e9es. Il a fallu attendre, mais notre patience a \u00e9t\u00e9 (largement) r\u00e9compens\u00e9e. J&rsquo;esp\u00e8re que ton livre trouve et trouvera de nombreux lecteurs&#8230;\u00a0\u00bb<\/em><\/p>\n<hr \/>\n<p style=\"text-align: left;\"><span style=\"color: #008000;\"><strong>Ga\u00ebl, Agn\u00e8s et Lola, courriel, le 2\/08\/22<\/strong><\/span><br \/>\nSous forme de vid\u00e9o humoristique une pr\u00e9sentation assez barr\u00e9e (et gentiment moqueuse) du roman&#8230; Vous n&rsquo;en saurez toutefois pas plus \u00e0 son propos\u00a0 !<\/p>\n<p><iframe loading=\"lazy\" title=\"YouTube video player\" src=\"https:\/\/www.youtube.com\/embed\/LlfmMGSMVBg\" width=\"560\" height=\"315\" frameborder=\"0\" allowfullscreen=\"allowfullscreen\"><\/iframe><\/p>\n<hr \/>\n<p><span style=\"color: #008000;\"><strong>Annick B., courriel, le 28\/07\/22<\/strong><\/span><br \/>\n<em>\u00ab\u00a0J&rsquo;ai pass\u00e9 un excellent moment de lecture, hilarante (&#8230;) j&rsquo;ai beaucoup ri (&#8230;) beaucoup de talent, avec une ironie douce absolument d\u00e9licieuse. Je regrette beaucoup de ne pas avoir pu participer \u00e0 l&rsquo;atelier de musique percussive \u00e9co-bruitiste transcendantale Macroqa, je pense m&rsquo;inscrire pour l&rsquo;an prochain&#8230;:)\u00a0\u00bb<\/em><\/p>\n<hr \/>\n<p style=\"text-align: justify;\"><strong><span style=\"color: #008000;\">Jack C., courriel, le 29\/06\/22<br \/>\n<\/span><\/strong><em>Cher chaman Francis,<\/em><br \/>\n<em>Ainsi vous l&rsquo;avez r\u00e9alis\u00e9 : le vrai livre en toute libert\u00e9, loin de ces foultitudes de contraintes qui p\u00e8sent sur nos t\u00eates d&rsquo;auteurs, en retrouvant le chemin de cette mythique tribu surgie d&rsquo;un<\/em> Twist Tropique<em>. Ce voyage dans l&rsquo;au de\u00e7a aura aussi \u00e9t\u00e9 pour moi l&rsquo;illusion de revivre mon pass\u00e9 guyanais r\u00e9el avec le pr\u00e9sent irr\u00e9el de Jean-Fran\u00e7ois, \u00e0 moins que ce ne soit le contraire, mais dans l&rsquo;autre sens.<\/em><br \/>\n<em>Tour de force, tour de vice de l&rsquo;auteur, mais aussi du lecteur&#8230; Bravo Francis, j&rsquo;ai souris, j&rsquo;ai ri, mais bon sang que le livre \u00e9tait lourd \u00e0 tenir \u00e0 bout de bras dans mon lit.<\/em><strong><em><br \/>\n<\/em><\/strong><span style=\"color: #008000;\">Pr\u00e9cision : <em>Twist Tropique<\/em> est un roman paru chez Baleine en 2001, puis au Seuil Point-Virgule en 2003 dans lequel une proto version des Macroqa gesticulait. <strong><em><br \/>\n<\/em><\/strong><\/span><\/p>\n<hr \/>\n<p><span style=\"color: #008000;\"><strong>Fran\u00e7ois V., courriel, le 29\/06\/22<\/strong><\/span><br \/>\n<em>\u00ab\u00a0J\u2019ai bien aim\u00e9, je trouve juste que certains passages gagneraient \u00e0 \u00eatre plus courts. Il y a plein de trouvailles g\u00e9niales (du grand yolok et ses esprits fut\u00e9s \u00e0 l\u2019ASD) et je me suis beaucoup marr\u00e9 sur les notes de bas de pages (les jeux avec le lecteur et le relecteur\u2026).\u00a0\u00bb<\/em><\/p>\n<hr \/>\n<p style=\"text-align: justify;\"><span style=\"color: #008000;\"><strong>Mireille T., courriel, le 23\/06\/22<\/strong><\/span><br \/>\n<em>\u00ab\u00a0Je me marre, et les Macroqa ont pris vie dans ma t\u00eate, tellement vrais, humains et attachants. Oui, le monde des Macroqa existe, car vous lui avez donn\u00e9 vie, autant que les dieux ! L&rsquo;\u00e9criture est un vrai miracle &#8211; et qu&rsquo;un seul mot change tout me fait toujours r\u00eaver (&#8230;) Oui, c&rsquo;est touffu et dans tous les sens, mais c&rsquo;est ce qui est marrant, se perdre dedans !\u00a0\u00bb<br \/>\n<\/em><\/p>\n<hr \/>\n<p><span style=\"color: #008000;\"><strong>Jean B., courriel, le 17\/06\/22<\/strong><\/span><br \/>\n<em>\u00ab\u00a0J\u2019ai termin\u00e9 hier le \u2018\u2019Lourd d\u00e9lire des Lianes\u2019\u2019 \u2013 quels moments d\u00e9licieux tu m\u2019as fait passer! Merci merci.\u00a0\u00bb<\/em><\/p>\n<hr \/>\n<p><strong><span style=\"color: #008000;\">Sarah E., Twitter, le 14\/06\/22<\/span><\/strong><br \/>\n<em>Un roman qui d\u00e9marre avec force et brillance, se poursuit de fa\u00e7on \u00e9chevel\u00e9e ! #spoiler : la Guyane n&rsquo;est pas une \u00eele.<\/em><\/p>\n<hr \/>\n<p><strong><span style=\"color: #008000;\">Lucie D., SMS, le 11\/06\/22<\/span><\/strong><br \/>\n<em>\u00ab\u00a0Un ptit clin d&rsquo;\u0153il pour te dire que plus j&rsquo;avance et plus je me poile avec ton \u0153uvre, je la trouve grand\u012b\u00eci\u00f4\u00f2\u0151se ! Merci !!!!\u00a0\u00bb<\/em><\/p>\n<hr \/>\n<p><span style=\"color: #008000;\"><strong>Annick R., courriel, le 10\/06\/22<\/strong><\/span><br \/>\n<em>\u00ab\u00a0Ce qui me d\u00e9sole c&rsquo;est que je n&rsquo;aurai plus de loin en loin des nouvelles via ulule de ce projet fleuve&#8230;<\/em><br \/>\n<em>Mais bon, je me console en lisant avec gourmandise ton \u0153uvre majeure, peut-\u00eatre ultime sinon d\u00e9finitive. Et je me r\u00e9gale. Et je prends mon temps parce qu&rsquo;il en faudra de toute fa\u00e7on pour aller jusqu&rsquo;au bout ?\u00a0\u00bb<\/em><\/p>\n<hr \/>\n<p style=\"text-align: justify;\"><span style=\"color: #008000;\"><strong>Philippe H., par mail, le 20\/05\/22 :<br \/>\n<\/strong><\/span><em>Bon, et ton bouquin, alors ?! Tu diras sans doute que j&rsquo;exag\u00e8re, que je n&rsquo;entends rien \u00e0 la litt\u00e9rature en particulier et \u00e0 ton \u0153uvre en g\u00e9n\u00e9ral [je fais les questions et les r\u00e9ponses (&#8230;)], mais je pense que c&rsquo;est ton chef-d\u2019\u0153uvre. C&rsquo;est un Monstre. Par son histoire et ses multiples personnages d\u00e9lirants (et l&rsquo;id\u00e9e de g\u00e9nie \u00e0 la fin d&rsquo;utiliser comme deus ex machina&#8230; un deux ex machina). Par ses six niveaux de r\u00e9alit\u00e9, annexes et digressions qui font passer l&rsquo;histoire principale pour une annexe et les annexes pour le sujet principal. Par ses notes de bas de page, tellement poilantes qu&rsquo;elles font passer le texte principal pour d&rsquo;accessoires notes de haut de page. Les gags et r\u00e9flexions marrantes sont omnipr\u00e9sents. Les passages anthropologiques (mythologie, linguistique, syst\u00e8mes familiaux&#8230; ; \u00ab\u00a0Au lourd d\u00e9lire des lianes\u00a0\u00bb est un livre-univers, le Dune des Macroqa) et autres digressions (aaaaah ! les comptes-rendus des ateliers de d\u00e9veloppement durable !) sont autant de morceaux d&rsquo;anthologie.<\/em><br \/>\n<em>S\u00e9rieusement, \u00e7a a d\u00fb te prendre des ann\u00e9es pour \u00e9crire ce livre ? (&#8230;)\u00a0Alors non, je ne regrette pas d&rsquo;avoir attendu sept ans. Huit, ce serait abus\u00e9, mais sept ans, ouais, \u00e7a les vaut carr\u00e9ment !<\/em><\/p>\n<hr \/>\n<p style=\"text-align: justify;\"><span style=\"color: #008000;\"><strong>Jacques M., par mail, le 15\/05\/22 :\u00a0<\/strong><\/span><br \/>\n<em>Pas besoin\u00a0 de\u00a0plonger longtemps pour se rendre compte que c&rsquo;est un roman inspir\u00e9,\u00a0un roman \u00ab\u00a0ethnographique\u00a0\u00bb hilarant. Une invention incessante de cr\u00e9atures avec\u00a0leurs coutumes.\u00a0Seul b\u00e9mol : typographique caract\u00e8res petits pour mes yeux, et le choix des guillemets au lieu de tirets pour les dialogues<\/em><br \/>\n<em>Admiration<\/em><em>, M., imb\u00e9cile vaniVani<\/em><\/p>\n<hr \/>\n<p><span style=\"color: #008000;\"><strong>Mathieu R., par mail (avec mes r\u00e9ponses en italiques), le 9\/05\/22 :<\/strong><\/span><br \/>\n<em>J&rsquo;avance lentement mais je me marre vraiment, je retrouve ton style, c&rsquo;est vraiment cool pour le moment.<\/em><br \/>\n<span style=\"color: #008000;\">Woah super. pourvu que \u00e7a dure :-!<\/span><em><br \/>\n\u00c0 ce stade de lecture (une centaine de pages)<\/em><br \/>\n<em>Les points d\u00e9j\u00e0 positifs :<\/em><br \/>\n<em>\u00b7 Je rigole franchement, certaines vannes sont assez barr\u00e9es, c&rsquo;est vraiment un plaisir.<\/em><br \/>\n<em>\u00b7 Les descriptions et r\u00e9f\u00e9rences sont efficaces pour enrichir le texte, et moi j&rsquo;aime bien les notes de bas de pages (mais c&rsquo;est un avis perso, tu n&rsquo;auras peut-\u00eatre pas que de bons retours sur \u00e7a).<\/em><br \/>\n<span style=\"color: #008000;\">C\u2019est une fa\u00e7on de r\u00e9cit suppl\u00e9mentaire, d\u2019enlever les digressions, de raconter des trucs en plus, t\u2019interpeller le lecteur, de faire des r\u00e9flexions sur ce que je viens d\u2019\u00e9crire moi-m\u00eame, etc. J\u2019ai piqu\u00e9 l\u2019id\u00e9e \u00e0 David Foster Wallace.<\/span><em><br \/>\n\u00b7 Le fait de pouvoir sauter des parties sans perdre le fil de l&rsquo;histoire, quitte \u00e0 y revenir plus tard j&rsquo;adore.<\/em><br \/>\n<em>Points n\u00e9gatifs :<\/em><br \/>\n<em>\u00b7 Le fait qu&rsquo;on *puisse* sauter des parties, n&rsquo;est peut-\u00eatre pas assez explicit\u00e9. Moi j&rsquo;ai compris, tu en avais parl\u00e9 dans la newsletter il me semble, mais je ne sais pas si ce sera si clair que \u00e7a pour des gens qui d\u00e9couvrent le livre tout \u00e0 trac.<\/em><br \/>\n<span style=\"color: #008000;\">Ah, la page sur les diff\u00e9rentes r\u00e9alit\u00e9s n\u2019est pas assez explicite, peut-\u00eatre. En effet.<\/span><em><br \/>\n\u00b7 J&rsquo;aime moins ton titre d\u00e9finitif que le titre de travail \u00ab\u00a0Ivre de la Jungle\u00a0\u00bb , peut-\u00eatre parce qu&rsquo;il m&rsquo;a accompagn\u00e9 depuis si longtemps avec les newsletter, je le trouvait accessible, posant assez bien le cot\u00e9 potache.<\/em><br \/>\n<span style=\"color: #008000;\">Oui, mais la jungle, c\u2019est l\u2019Afrique (et un terme occidental). les Am\u00e9rindiens eux emploiuent le mot de for\u00eat, et d\u2019ailleurs c\u2019est le terme qui c\u2019est impos\u00e9. Et du coup, j\u2019ai pr\u00e9f\u00e9r\u00e9 changer de titre. Apr\u00e8s de longues recherches je suis tomb\u00e9 sur le po\u00e8me de Rimbaud avec sa strophe qui colle parfaitement au bouquin\u2026<\/span><\/p>\n<hr \/>\n<p><span style=\"color: #008000;\"><strong>Guy B. \u00a0via Messenger, le 2\/05\/22 :<\/strong><\/span><\/p>\n<p><img loading=\"lazy\" decoding=\"async\" class=\"aligncenter wp-image-866 size-full\" src=\"https:\/\/tribu-macroqa.francis-mizio.net\/tribu-macroqa\/wp-content\/uploads\/2024\/12\/Brunon-485x1024-1.png\" alt=\"\" width=\"485\" height=\"1024\" srcset=\"https:\/\/tribu-macroqa.francis-mizio.net\/tribu-macroqa\/wp-content\/uploads\/2024\/12\/Brunon-485x1024-1.png 485w, https:\/\/tribu-macroqa.francis-mizio.net\/tribu-macroqa\/wp-content\/uploads\/2024\/12\/Brunon-485x1024-1-142x300.png 142w\" sizes=\"auto, (max-width: 485px) 100vw, 485px\" \/><\/p>\n<p>&nbsp;<\/p>\n<hr \/>\n<p><strong><span style=\"color: #008000;\">H\u00e9l\u00e8ne P. via Twitter, le 26\/04\/22<\/span><\/strong><br \/>\n<em>\u00ab\u00a0Si je te dis que je hurlais d\u00e9j\u00e0 de rire en lisant les avertissements au d\u00e9but et que le reste a l&rsquo;air tr\u00e8s prometteur, \u00e7a rel\u00e2che un peu la pression ?\u00a0\u00bb<\/em><\/p>\n","protected":false},"excerpt":{"rendered":"<p>Vos r\u00e9actions \u00e0 la lecture du roman. M\u00eame les mauvaises (je garde tout : faut que je progresse dans le cas o\u00f9 un jour j&rsquo;en \u00e9crirai un nouveau). (Pour les courriels \u00e0 propos des coquilles et autres fautes rep\u00e9r\u00e9es par les lectrices et lecteurs voir dans l&rsquo;onglet NEWS.) Une longue chronique de Jocelyne Hubert (critique&hellip; <br \/> <a class=\"read-more\" href=\"https:\/\/tribu-macroqa.francis-mizio.net\/tribu-macroqa\/livre-de-pepites-dor\/\">Lire la suite<\/a><\/p>\n","protected":false},"author":1,"featured_media":0,"parent":0,"menu_order":0,"comment_status":"closed","ping_status":"closed","template":"","meta":{"footnotes":""},"class_list":["post-59","page","type-page","status-publish","hentry"],"_links":{"self":[{"href":"https:\/\/tribu-macroqa.francis-mizio.net\/tribu-macroqa\/wp-json\/wp\/v2\/pages\/59","targetHints":{"allow":["GET"]}}],"collection":[{"href":"https:\/\/tribu-macroqa.francis-mizio.net\/tribu-macroqa\/wp-json\/wp\/v2\/pages"}],"about":[{"href":"https:\/\/tribu-macroqa.francis-mizio.net\/tribu-macroqa\/wp-json\/wp\/v2\/types\/page"}],"author":[{"embeddable":true,"href":"https:\/\/tribu-macroqa.francis-mizio.net\/tribu-macroqa\/wp-json\/wp\/v2\/users\/1"}],"replies":[{"embeddable":true,"href":"https:\/\/tribu-macroqa.francis-mizio.net\/tribu-macroqa\/wp-json\/wp\/v2\/comments?post=59"}],"version-history":[{"count":7,"href":"https:\/\/tribu-macroqa.francis-mizio.net\/tribu-macroqa\/wp-json\/wp\/v2\/pages\/59\/revisions"}],"predecessor-version":[{"id":873,"href":"https:\/\/tribu-macroqa.francis-mizio.net\/tribu-macroqa\/wp-json\/wp\/v2\/pages\/59\/revisions\/873"}],"wp:attachment":[{"href":"https:\/\/tribu-macroqa.francis-mizio.net\/tribu-macroqa\/wp-json\/wp\/v2\/media?parent=59"}],"curies":[{"name":"wp","href":"https:\/\/api.w.org\/{rel}","templated":true}]}}