{"id":62,"date":"2022-02-01T17:33:31","date_gmt":"2022-02-01T16:33:31","guid":{"rendered":"http:\/\/tribu-macroqa.francismizio.net\/?page_id=62"},"modified":"2024-12-17T08:59:02","modified_gmt":"2024-12-17T07:59:02","slug":"ressources","status":"publish","type":"page","link":"https:\/\/tribu-macroqa.francis-mizio.net\/tribu-macroqa\/ressources\/","title":{"rendered":"RESSOURCES"},"content":{"rendered":"<p><strong><em>Dans les sous-menus, retrouvez la documentation (bibliographie, podcasts, articles de presse, sites web, documentaires) qui a \u00e9t\u00e9 utilis\u00e9e durant les 7 ann\u00e9es de gestation du roman&#8230;\u00a0<\/em><\/strong><\/p>\n","protected":false},"excerpt":{"rendered":"<p>Dans les sous-menus, retrouvez la documentation (bibliographie, podcasts, articles de presse, sites web, documentaires) qui a \u00e9t\u00e9 utilis\u00e9e durant les 7 ann\u00e9es de gestation du roman&#8230;\u00a0<\/p>\n","protected":false},"author":1,"featured_media":0,"parent":0,"menu_order":0,"comment_status":"closed","ping_status":"closed","template":"","meta":{"footnotes":""},"class_list":["post-62","page","type-page","status-publish","hentry"],"_links":{"self":[{"href":"https:\/\/tribu-macroqa.francis-mizio.net\/tribu-macroqa\/wp-json\/wp\/v2\/pages\/62","targetHints":{"allow":["GET"]}}],"collection":[{"href":"https:\/\/tribu-macroqa.francis-mizio.net\/tribu-macroqa\/wp-json\/wp\/v2\/pages"}],"about":[{"href":"https:\/\/tribu-macroqa.francis-mizio.net\/tribu-macroqa\/wp-json\/wp\/v2\/types\/page"}],"author":[{"embeddable":true,"href":"https:\/\/tribu-macroqa.francis-mizio.net\/tribu-macroqa\/wp-json\/wp\/v2\/users\/1"}],"replies":[{"embeddable":true,"href":"https:\/\/tribu-macroqa.francis-mizio.net\/tribu-macroqa\/wp-json\/wp\/v2\/comments?post=62"}],"version-history":[{"count":1,"href":"https:\/\/tribu-macroqa.francis-mizio.net\/tribu-macroqa\/wp-json\/wp\/v2\/pages\/62\/revisions"}],"predecessor-version":[{"id":808,"href":"https:\/\/tribu-macroqa.francis-mizio.net\/tribu-macroqa\/wp-json\/wp\/v2\/pages\/62\/revisions\/808"}],"wp:attachment":[{"href":"https:\/\/tribu-macroqa.francis-mizio.net\/tribu-macroqa\/wp-json\/wp\/v2\/media?parent=62"}],"curies":[{"name":"wp","href":"https:\/\/api.w.org\/{rel}","templated":true}]}}