{"id":967,"date":"2025-05-01T07:42:20","date_gmt":"2025-05-01T05:42:20","guid":{"rendered":"https:\/\/tribu-macroqa.francis-mizio.net\/tribu-macroqa\/?page_id=967"},"modified":"2025-08-26T12:40:34","modified_gmt":"2025-08-26T10:40:34","slug":"ya-quoi-dans-ce-livre","status":"publish","type":"page","link":"https:\/\/tribu-macroqa.francis-mizio.net\/tribu-macroqa\/ya-quoi-dans-ce-livre\/","title":{"rendered":"Y&rsquo;a quoi dans ce livre ?"},"content":{"rendered":"<p><img loading=\"lazy\" decoding=\"async\" class=\"aligncenter wp-image-847\" src=\"https:\/\/tribu-macroqa.francis-mizio.net\/tribu-macroqa\/wp-content\/uploads\/2024\/12\/couVdelire.png\" alt=\"\" width=\"699\" height=\"1081\" srcset=\"https:\/\/tribu-macroqa.francis-mizio.net\/tribu-macroqa\/wp-content\/uploads\/2024\/12\/couVdelire.png 544w, https:\/\/tribu-macroqa.francis-mizio.net\/tribu-macroqa\/wp-content\/uploads\/2024\/12\/couVdelire-194x300.png 194w\" sizes=\"auto, (max-width: 699px) 100vw, 699px\" \/><\/p>\n<p><strong>\u2022 La <span style=\"color: #008000;\">quatri\u00e8me de couverture<\/span> se trouve en bas de cette page.<\/strong><\/p>\n<p><strong>\u2022 Ici une\u00a0<span style=\"color: #008000;\">vid\u00e9o de 4 minutes 58 secondes (g\u00e9n\u00e9r\u00e9 par IA) qui r\u00e9sume le rioman (mais en tenant toutefois pas compte de tous ses aspects et propos bien plus abondants)<\/span>\u00a0:<\/strong><\/p>\n<p>&nbsp;<\/p>\n<div style=\"width: 1280px;\" class=\"wp-video\"><video class=\"wp-video-shortcode\" id=\"video-967-1\" width=\"1280\" height=\"720\" preload=\"metadata\" controls=\"controls\"><source type=\"video\/mp4\" src=\"https:\/\/tribu-macroqa.francis-mizio.net\/tribu-macroqa\/wp-content\/uploads\/2025\/08\/Les_Mondes_Macroqa__VaniVani_2.mp4?_=1\" \/><a href=\"https:\/\/tribu-macroqa.francis-mizio.net\/tribu-macroqa\/wp-content\/uploads\/2025\/08\/Les_Mondes_Macroqa__VaniVani_2.mp4\">https:\/\/tribu-macroqa.francis-mizio.net\/tribu-macroqa\/wp-content\/uploads\/2025\/08\/Les_Mondes_Macroqa__VaniVani_2.mp4<\/a><\/video><\/div>\n<p><strong><br \/>\n\u2022\u00a0Ici un <span style=\"color: #008000;\">podcast de 5 minutes 18 secondes (g\u00e9n\u00e9r\u00e9 par IA) o\u00f9 deux personnes vous pr\u00e9sentent et expliquent le roman (et abordent d&rsquo;autres sujets contenus dans le roman que ceux \u00e9voqu\u00e9s dans la vid\u00e9o ci-dessus<\/span> :<\/strong><\/p>\n<audio class=\"wp-audio-shortcode\" id=\"audio-967-1\" preload=\"none\" style=\"width: 100%;\" controls=\"controls\"><source type=\"audio\/wav\" src=\"https:\/\/tribu-macroqa.francis-mizio.net\/tribu-macroqa\/wp-content\/uploads\/2025\/05\/Aulourddeliredeslianes.wav?_=1\" \/><a href=\"https:\/\/tribu-macroqa.francis-mizio.net\/tribu-macroqa\/wp-content\/uploads\/2025\/05\/Aulourddeliredeslianes.wav\">https:\/\/tribu-macroqa.francis-mizio.net\/tribu-macroqa\/wp-content\/uploads\/2025\/05\/Aulourddeliredeslianes.wav<\/a><\/audio>\n<p><strong><br \/>\n\u2022 des \u00ab\u00a0bonus\u00a0\u00bb au roman qui vous donneront une id\u00e9e du contenu et de l&rsquo;humour <a href=\"https:\/\/tribu-macroqa.francis-mizio.net\/tribu-macroqa\/category\/bonus\/\" target=\"_blank\" rel=\"noopener\">&gt; ici<\/a><\/strong><\/p>\n<p><strong>\u2022 des avis le lectrices et lecteurs <a href=\"https:\/\/tribu-macroqa.francis-mizio.net\/tribu-macroqa\/livre-de-pepites-dor\/\" target=\"_blank\" rel=\"noopener\">&gt; ici<\/a><\/strong><\/p>\n<p><strong>\u2022 Obtenir le livre <a href=\"https:\/\/tribu-macroqa.francis-mizio.net\/tribu-macroqa\/obtenir-le-roman\/\" target=\"_blank\" rel=\"noopener\">&gt; c&rsquo;est ici<\/a><\/strong><\/p>\n<p><img loading=\"lazy\" decoding=\"async\" class=\"aligncenter wp-image-849 size-mesmerize-full-hd\" src=\"https:\/\/tribu-macroqa.francis-mizio.net\/tribu-macroqa\/wp-content\/uploads\/2024\/12\/der-699x1080.png\" alt=\"\" width=\"699\" height=\"1080\" srcset=\"https:\/\/tribu-macroqa.francis-mizio.net\/tribu-macroqa\/wp-content\/uploads\/2024\/12\/der-699x1080.png 699w, https:\/\/tribu-macroqa.francis-mizio.net\/tribu-macroqa\/wp-content\/uploads\/2024\/12\/der-194x300.png 194w, https:\/\/tribu-macroqa.francis-mizio.net\/tribu-macroqa\/wp-content\/uploads\/2024\/12\/der-663x1024.png 663w, https:\/\/tribu-macroqa.francis-mizio.net\/tribu-macroqa\/wp-content\/uploads\/2024\/12\/der-768x1187.png 768w, https:\/\/tribu-macroqa.francis-mizio.net\/tribu-macroqa\/wp-content\/uploads\/2024\/12\/der-994x1536.png 994w, https:\/\/tribu-macroqa.francis-mizio.net\/tribu-macroqa\/wp-content\/uploads\/2024\/12\/der-1024x1583.png 1024w, https:\/\/tribu-macroqa.francis-mizio.net\/tribu-macroqa\/wp-content\/uploads\/2024\/12\/der.png 1188w\" sizes=\"auto, (max-width: 699px) 100vw, 699px\" \/><\/p>\n","protected":false},"excerpt":{"rendered":"<p>\u2022 La quatri\u00e8me de couverture se trouve en bas de cette page. \u2022 Ici une\u00a0vid\u00e9o de 4 minutes 58 secondes (g\u00e9n\u00e9r\u00e9 par IA) qui r\u00e9sume le rioman (mais en tenant toutefois pas compte de tous ses aspects et propos bien plus abondants)\u00a0: &nbsp; \u2022\u00a0Ici un podcast de 5 minutes 18 secondes (g\u00e9n\u00e9r\u00e9 par IA) o\u00f9&hellip; <br \/> <a class=\"read-more\" href=\"https:\/\/tribu-macroqa.francis-mizio.net\/tribu-macroqa\/ya-quoi-dans-ce-livre\/\">Lire la suite<\/a><\/p>\n","protected":false},"author":1,"featured_media":0,"parent":0,"menu_order":0,"comment_status":"closed","ping_status":"closed","template":"","meta":{"footnotes":""},"class_list":["post-967","page","type-page","status-publish","hentry"],"_links":{"self":[{"href":"https:\/\/tribu-macroqa.francis-mizio.net\/tribu-macroqa\/wp-json\/wp\/v2\/pages\/967","targetHints":{"allow":["GET"]}}],"collection":[{"href":"https:\/\/tribu-macroqa.francis-mizio.net\/tribu-macroqa\/wp-json\/wp\/v2\/pages"}],"about":[{"href":"https:\/\/tribu-macroqa.francis-mizio.net\/tribu-macroqa\/wp-json\/wp\/v2\/types\/page"}],"author":[{"embeddable":true,"href":"https:\/\/tribu-macroqa.francis-mizio.net\/tribu-macroqa\/wp-json\/wp\/v2\/users\/1"}],"replies":[{"embeddable":true,"href":"https:\/\/tribu-macroqa.francis-mizio.net\/tribu-macroqa\/wp-json\/wp\/v2\/comments?post=967"}],"version-history":[{"count":13,"href":"https:\/\/tribu-macroqa.francis-mizio.net\/tribu-macroqa\/wp-json\/wp\/v2\/pages\/967\/revisions"}],"predecessor-version":[{"id":987,"href":"https:\/\/tribu-macroqa.francis-mizio.net\/tribu-macroqa\/wp-json\/wp\/v2\/pages\/967\/revisions\/987"}],"wp:attachment":[{"href":"https:\/\/tribu-macroqa.francis-mizio.net\/tribu-macroqa\/wp-json\/wp\/v2\/media?parent=967"}],"curies":[{"name":"wp","href":"https:\/\/api.w.org\/{rel}","templated":true}]}}